{"id":3,"date":"2024-05-17T10:17:30","date_gmt":"2024-05-17T10:17:30","guid":{"rendered":"https:\/\/pirnipuukodu.ee\/?page_id=3"},"modified":"2024-08-01T11:39:58","modified_gmt":"2024-08-01T11:39:58","slug":"privacy-policy","status":"publish","type":"page","link":"https:\/\/pirnipuukodu.ee\/en\/privacy-policy\/","title":{"rendered":"Privacy Policy"},"content":{"rendered":"\t\t<div data-elementor-type=\"wp-page\" data-elementor-id=\"3\" class=\"elementor elementor-3\" data-elementor-post-type=\"page\">\n\t\t\t\t<div class=\"elementor-element elementor-element-a0c7093 e-flex e-con-boxed e-con e-parent\" data-id=\"a0c7093\" data-element_type=\"container\">\n\t\t\t\t\t<div class=\"e-con-inner\">\n\t\t\t\t<div class=\"elementor-element elementor-element-dacce8f elementor-widget elementor-widget-text-editor\" data-id=\"dacce8f\" data-element_type=\"widget\" data-widget_type=\"text-editor.default\">\n\t\t\t\t<div class=\"elementor-widget-container\">\n\t\t\t\t\t\t\t\t\t<p>Isikuandmete t\u00f6\u00f6tlemise \u00fcldtingimused<\/p><ol><li>\u00dclds\u00e4tted<ol><li>K\u00e4esolevad isikuandmete t\u00f6\u00f6tlemise \u00fcldtingimused on kehtestanud ALG Liisingu AS. Klientide parimaks teenindamiseks ja k\u00f5igi lepinguliste suhete korrektse t\u00e4itmiseks kogub ja s\u00e4ilitab ALG Liisingu AS klientide ja ALG Liisingu AS\u2019ga suhtlevate teiste isikute andmed allj\u00e4rgnevate p\u00f5him\u00f5tete j\u00e4rgi.<\/li><\/ol><\/li><li>Peamised m\u00f5isted<ol><li>\u201eisikuandmed\u201c \u2013 igasugune teave tuvastatud v\u00f5i tuvastatava f\u00fc\u00fcsilise isiku (\u201eandmesubjekti\u201c) kohta; tuvastatav f\u00fc\u00fcsiline isik on isik, keda saab otseselt v\u00f5i kaudselt tuvastada, eelk\u00f5ige sellise identifitseerimistunnuse p\u00f5hjal nagu nimi, isikukood, asukohateave, v\u00f5rguidentifikaator v\u00f5i selle f\u00fc\u00fcsilise isiku \u00fche v\u00f5i mitme f\u00fc\u00fcsilise, f\u00fcsioloogilise, geneetilise, vaimse, majandusliku, kultuurilise v\u00f5i sotsiaalse tunnuse p\u00f5hjal;<\/li><li>\u201eisikuandmete t\u00f6\u00f6tlemine\u201c \u2013 isikuandmete v\u00f5i nende kogumitega tehtav automatiseeritud v\u00f5i automatiseerimata toiming v\u00f5i toimingute kogum, nagu kogumine, dokumenteerimine, korrastamine, struktureerimine, s\u00e4ilitamine, kohandamine ja muutmine, p\u00e4ringute tegemine, lugemine, kasutamine, edastamise, levitamise v\u00f5i muul moel k\u00e4ttesaadavaks tegemise teel avalikustamine, \u00fchitamine v\u00f5i \u00fchendamine, piiramine, kustutamine v\u00f5i h\u00e4vitamine;<\/li><li>\u201evastutavt\u00f6\u00f6tleja\u201c\u2013f\u00fc\u00fcsilinev\u00f5ijuriidilineisik,avalikusektoriasutus,ametv\u00f5imuuorgan ,kes\u00fcksiv\u00f5i koos teistega m\u00e4\u00e4rab kindlaks isikuandmete t\u00f6\u00f6tlemise eesm\u00e4rgid ja vahendid; kui sellise t\u00f6\u00f6tlemise eesm\u00e4rgid ja vahendid on kindlaks m\u00e4\u00e4ratud liidu v\u00f5i liikmesriigi \u00f5igusega, v\u00f5ib vastutava t\u00f6\u00f6tleja v\u00f5i tema m\u00e4\u00e4ramise konkreetsed kriteeriumid s\u00e4testada liidu v\u00f5i liikmesriigi \u00f5iguses;<\/li><li>\u201ekolmas isik\u201c \u2013 f\u00fc\u00fcsiline v\u00f5i juriidiline isik, avaliku sektori asutus, amet v\u00f5i organ, v\u00e4lja arvatud andmesubjekt, vastutav t\u00f6\u00f6tleja, volitatud t\u00f6\u00f6tleja ja isikud, kes v\u00f5ivad isikuandmeid t\u00f6\u00f6delda vastutava t\u00f6\u00f6tleja v\u00f5i volitatud t\u00f6\u00f6tleja otseses alluvuses;<\/li><li>Andmesubjekti \u201en\u00f5usolek\u201c \u2013 vabatahtlik, konkreetne, teadlik ja \u00fchem\u00f5tteline tahteavaldus, millega andmesubjekt kas avalduse vormis v\u00f5i selge n\u00f5usolekut v\u00e4ljendava tegevusega n\u00f5ustub tema kohta k\u00e4ivate isikuandmete t\u00f6\u00f6tlemisega;<\/li><\/ol><\/li><li>Isikuandmete t\u00f6\u00f6tlemise ja s\u00e4ilitamise p\u00f5him\u00f5tted<ol><li>Vastutav t\u00f6\u00f6tleja on ALG Liisingu AS (10308153), Harju maakond, Tallinn, Kesklinna linnaosa, Pirita tee 20\/2, 12011.<\/li><li>ALG Liisingu AS j\u00e4rgib oma tegevuses isikuandmete kaitse ning konfidentsiaalse info saladuses hoidmise p\u00f5him\u00f5tteid. ALG Liisingu AS hoiab talle edastatud isikuandmeid igasuguse \u00f5igustamatu kasutamise eest. Isikuandmeid kogutakse ulatuses, mis on vajalik lepingute s\u00f5lmimiseks (sh lepingu s\u00f5lmimisele eelnevate toimingute tegemiseks), s\u00f5lmitud lepingute t\u00e4itmiseks ning klientide parimaks teenindamiseks<\/li><li>ALG Liisingu AS rakendab k\u00f5ike vajalikke turvameetmeid isikuandmete turvaliseks t\u00f6\u00f6tlemiseks ning salvestamiseks.<\/li><li>ALG Liisingu AS t\u00f6\u00f6tajad ja esindajad omavad asjakohast v\u00e4lja\u00f5pet isikuandmete kaitse valdkonnas, l\u00e4htuvad isikuandmete kaitse p\u00f5him\u00f5tetest ning konfidentsiaalse info saladuses hoidmise kohustustest. Lisaks ALG Liisingu AS t\u00f6\u00f6tajatele ja esindajatele on kliendi isikuandmetele liigip\u00e4\u00e4s ALG Liisingu AS poolt volitatud isikutel sh IT-, raamatupidamis-, turundus- jm tugiteenuste osutajatel, kellele andmete edastamine on vajalik lepingu t\u00e4itmise ja muude kohustuste t\u00e4itmiseks.<\/li><li>ALG Liisingu AS t\u00f6\u00f6tleb andmeid j\u00e4rgmistel p\u00f5hjustel:<ol><li>kliendi v\u00f5i tema esindaja isikuandmeid, sh nime, isikukoodi, s\u00fcnniaega, kodakondsust, isikut t\u00f5endava dokumendi andmeid, peamiselt identimiseks;<\/li><li>kliendi kontaktandmeid, sh telefoninumber, aadress, e-posti aadress, peamiselt kliendile teabe, turundusliku materjali ja finantsteenuste pakkumiste saatmiseks;<\/li><li>andmeid kliendi finantsv\u00f5imekuse, varade ja kohustuste, investeerimiseesm\u00e4rkide ja riskitaluvuse kohta peamiselt kliendile pakutava teenuse sobivuse v\u00f5i asjakohasuse hindamiseks ning kliendi tegevuse \u00f5igusp\u00e4rasuse ja ALG Liisingu AS n\u00f5uetele vastavuse tuvastamiseks;<\/li><li>andmeid sissetuleku, vara ja kohustuste, maksek\u00e4itumise, tehingute ja pereliikmete kohta peamiselt kliendi maksev\u00f5ime tuvastamiseks, tema tarbimisharjumuste uurimiseks ja talle sobivate teenuste pakkumiseks;<\/li><li>andmeid kliendi tegevuse ja vara p\u00e4ritolu, sh t\u00f6\u00f6andja, tehingupartnerite ja \u00e4ritegevuse kohta peamiselt terrorismi rahastamise ja rahapesu t\u00f5kestamiseks.<\/li><\/ol><\/li><li>Lisaks \u00fclaltoodule ALG Liisingu AS t\u00f6\u00f6tleb kliendi andmeid:<ol><li>kliendi avalduse l\u00e4bivaatamiseks, teenuse v\u00f5imalikkuse hindamiseks ja lepingu s\u00f5lmimise otsustamiseks;<\/li><li>s\u00f5lmitud lepingu haldamiseks ja t\u00e4itmiseks, sh lepinguga seotud tehingute ja toimingute kontrollimiseks, kliendilt kogutud andmete uuendamiseks ja v\u00f5lgade sissen\u00f5udmiseks;<\/li><li>teenuse kvaliteedi hindamiseks, mis h\u00f5lmab ka kliendik\u00fcsitluste l\u00e4biviimist;<\/li><li>kliendir\u00fchmade, toodete ja teenuste turuosade ning muude finantsn\u00e4itajate statistiliste uuringute ja anal\u00fc\u00fcside jaoks, turu-uuringute tegemiseks;<\/li><li>ALG Liisingu AS teenuste pakkumiseks; kampaaniate l\u00e4biviimiseks ja muu teenuse pakkumiseks;<\/li><li>riskide juhtimiseks ja maandamiseks, aruandluse koostamiseks;<\/li><li>ALG Liisingu AS usaldatavusn\u00f5uete, sh kapitali- ja likviidsusn\u00f5uete t\u00e4itmiseks;<\/li><li>seadusega kehtestatud kohustuste t\u00e4itmiseks, sh rahapesu ja terrorismi rahastamise t\u00f5kestamiseks, riigiasutuste j\u00e4relep\u00e4rimistele vastamiseks, maksudeklaratsioonide esitamiseks;<\/li><li>enda \u00f5iguste kaitsmiseks, sh andmete saatmine \u00f5igusn\u00f5ustajale, vaidlusi lahendavale asutusele, sh vahekohtule, lepitusorganile ja kohtule.<\/li><\/ol><\/li><li>ALG Liisingu AS v\u00e4ljastab kliendi poolt tema kohta ALG Liisingu AS\u2019le edastatud isikuandmed ainult juhul, kui klient esitab ALG Liisingu AS\u2019le vastavasisulise taotluse andmete \u00fclekandmise \u00f5iguse kasutamiseks v\u00f5i andmete v\u00e4ljastamise kohustus tuleneb seadusest,<\/li><li>ALG Liisingu AS s\u00e4ilitab isikuandmed oma andmebaasides ning isikul on igal ajal \u00f5igus p\u00f6\u00f6rdudes ALG Liisingu AS poole teada oma isikuandmed, vajadusel n\u00f5uda oma andmetes paranduste v\u00f5i muudatuste tegemist.<\/li><li>Kliendil on \u00f5igus teada milliseid tema andmeid millistel eesm\u00e4rkidel ALG Liisingu AS t\u00f6\u00f6tleb.<\/li><li>Toodete ja teenuste reklaamikampaania k\u00e4igus v\u00f5ib ALG Liisingu AS kliendile saata pakkumisi. Kliendil on igal ajal \u00f5igus keelduda reklaamipakkumistest, teavitades sellest ALG Liisingu AS\u2019i kirjutades emailile <strong><a href=\"mailto:alg@alg.ee\">alg@alg.ee<\/a><\/strong> v\u00f5i kasutades vastavat linki emaili sisus.<\/li><li>Lepingu s\u00f5lmimise otsustamisel ja lepingu kehtivuse ajal kogub ALG Liisingu AS andmeid kliendi kohta nii isikult eneselt kui ka muudest allikatest ehk kliendi avalikke andmeid, samuti riigi v\u00f5i kohaliku omavalitsuse andmekogudest ning kolmandalt isikult saadud andmeid, kui need on kogutud ja edastatud seaduse n\u00f5udeid arvestades.<\/li><li>ALG Liisingu AS s\u00e4ilitab kliendi isikuandmed kogu lepingu kehtivuse perioodi v\u00e4ltel ja p\u00e4rast lepingu l\u00f5ppemist kuni andmete s\u00e4ilitamine on ALG Liisingu AS\u2019le kohustuslik ( \u00fcldjuhul 7 aastat) v\u00f5i kuni ALG Liisingu AS\u2019l on \u00f5igustatud huvi andmete s\u00e4ilitamiseks (nt v\u00f5imalike n\u00f5uete v\u00f5i \u00f5iguste kaitseks).<\/li><\/ol><\/li><li>Tingimuste muutmine<ol><li>ALG Liisingu AS v\u00f5ib k\u00e4esolevaid kingimusi omal \u00e4ran\u00e4gemisel muuta, avaldades vastava info <strong><a href=\"https:\/\/pirnipuukodu.ee\/\">https:\/\/pirnipuukodu.ee\/<\/a><\/strong> veebilehel.<\/li><\/ol><\/li><\/ol><p>K\u00fcsimuste v\u00f5i kaebuste korral v\u00f5tke \u00fchendust numbril <strong><a href=\"tel:+372 668 6000\">+372 668 6000<\/a><\/strong> v\u00f5i kirjutage emailile <strong><a href=\"mailto:alg@alg.ee\">alg@alg.ee<\/a><\/strong>.<\/p>\t\t\t\t\t\t\t\t<\/div>\n\t\t\t\t<\/div>\n\t\t\t\t\t<\/div>\n\t\t\t\t<\/div>\n\t\t\t\t<\/div>\n\t\t","protected":false},"excerpt":{"rendered":"<p>Isikuandmete t\u00f6\u00f6tlemise \u00fcldtingimused \u00dclds\u00e4tted K\u00e4esolevad isikuandmete t\u00f6\u00f6tlemise \u00fcldtingimused on kehtestanud ALG Liisingu AS. Klientide parimaks teenindamiseks ja k\u00f5igi lepinguliste suhete korrektse t\u00e4itmiseks kogub ja s\u00e4ilitab ALG Liisingu AS klientide ja ALG Liisingu AS\u2019ga suhtlevate teiste isikute andmed allj\u00e4rgnevate p\u00f5him\u00f5tete j\u00e4rgi. Peamised m\u00f5isted \u201eisikuandmed\u201c \u2013 igasugune teave tuvastatud v\u00f5i tuvastatava f\u00fc\u00fcsilise isiku (\u201eandmesubjekti\u201c) kohta; tuvastatav f\u00fc\u00fcsiline [&hellip;]<\/p>\n","protected":false},"author":1,"featured_media":0,"parent":0,"menu_order":0,"comment_status":"closed","ping_status":"open","template":"","meta":{"_monsterinsights_skip_tracking":false,"_monsterinsights_sitenote_active":false,"_monsterinsights_sitenote_note":"","_monsterinsights_sitenote_category":0,"footnotes":""},"class_list":["post-3","page","type-page","status-publish","hentry"],"aioseo_notices":[],"_links":{"self":[{"href":"https:\/\/pirnipuukodu.ee\/en\/wp-json\/wp\/v2\/pages\/3","targetHints":{"allow":["GET"]}}],"collection":[{"href":"https:\/\/pirnipuukodu.ee\/en\/wp-json\/wp\/v2\/pages"}],"about":[{"href":"https:\/\/pirnipuukodu.ee\/en\/wp-json\/wp\/v2\/types\/page"}],"author":[{"embeddable":true,"href":"https:\/\/pirnipuukodu.ee\/en\/wp-json\/wp\/v2\/users\/1"}],"replies":[{"embeddable":true,"href":"https:\/\/pirnipuukodu.ee\/en\/wp-json\/wp\/v2\/comments?post=3"}],"version-history":[{"count":0,"href":"https:\/\/pirnipuukodu.ee\/en\/wp-json\/wp\/v2\/pages\/3\/revisions"}],"wp:attachment":[{"href":"https:\/\/pirnipuukodu.ee\/en\/wp-json\/wp\/v2\/media?parent=3"}],"curies":[{"name":"wp","href":"https:\/\/api.w.org\/{rel}","templated":true}]}}